{"id":60,"date":"2024-09-10T09:39:23","date_gmt":"2024-09-10T09:39:23","guid":{"rendered":"http:\/\/www.ruchnaparafia.pl\/?page_id=60"},"modified":"2025-03-11T10:54:45","modified_gmt":"2025-03-11T10:54:45","slug":"kontakt","status":"publish","type":"page","link":"https:\/\/www.ruchnaparafia.pl\/?page_id=60","title":{"rendered":"Kontakt"},"content":{"rendered":"<h3 style=\"text-align: center;\">Parafia Katolicka<br \/>\npw. NMP Matki Ko\u015bcio\u0142a<\/h3>\n<h3 style=\"text-align: center;\">ul. Ko\u015bcielna 2<\/h3>\n<h3 style=\"text-align: center;\">07-100 Ruchna<\/h3>\n<h3 style=\"text-align: center;\"><strong>tel. 601 834 411<\/strong><\/h3>\n<h3 style=\"text-align: center;\">Kancelaria czynna poniedzia\u0142ek, \u015broda, pi\u0105tek od godz. 15.30 do 16.30<\/h3>\n<p style=\"text-align: center;\">Po wcze\u015bniejszym um\u00f3wieniu &#8211; tak\u017ce w innym czasie.<\/p>\n<h3 style=\"text-align: center;\"><strong>W sprawach sakramentu namaszczenia chorych czy pogrzebu o ka\u017cdej porze.<\/strong><\/h3>\n<h3 style=\"text-align: center;\">W niedziele i \u015bwi\u0119ta nie za\u0142atwiamy spraw kancelaryjnych (poza w\/w wyj\u0105tkami).<\/h3>\n<p style=\"text-align: center;\">NIE WYRA\u017bAM ZGODY NA PRZETWARZANIE POWY\u017bSZYCH DANYCH W CELACH TELEMARKETINGU<\/p>\n<p style=\"text-align: center;\">(USTAWA Z 29 VIII 1997 O OCHRONIE DANYCH OSOBOWYCH)<\/p>\n<h3 style=\"text-align: center;\">Proboszcz:<\/h3>\n<h3 style=\"text-align: center;\">ks. mgr lic. Marcin Chudzik (od 25.09.2024 r.)<\/h3>\n<h3 style=\"text-align: center;\">Porz\u0105dek Mszy \u015bw.:<\/h3>\n<h3 style=\"text-align: center;\">dni powszednie: 18.00<br \/>\nniedziele i \u015bwi\u0119ta: 8.30, 10.00, 11.30<br \/>\n\u015bwi\u0119ta nieb\u0119d\u0105ce dniami wolnymi od pracy: 10.00, 18.00<\/h3>\n<h3 style=\"text-align: center;\">Odpust w parafii:<br \/>\nUroczysto\u015b\u0107 NMP Matki Ko\u015bcio\u0142a<\/h3>\n<h3 style=\"text-align: center;\"><em>poniedzia\u0142ek po Uroczysto\u015bci Zes\u0142ania Ducha \u015awi\u0119tego<\/em><\/h3>\n<h3 style=\"text-align: center;\">Nabo\u017ce\u0144stwo adoracyjne:<br \/>\nsobota, niedziela przed odpustem<\/h3>\n<h3 style=\"text-align: center;\">Do parafii nale\u017c\u0105:<br \/>\nRuchna i Ruchenka<\/h3>\n<h3 style=\"text-align: center;\"><strong>Bank Sp\u00f3\u0142dzielczy w W\u0119growie<\/strong><\/h3>\n<h3 style=\"text-align: center;\"><strong>18 9236 0008 0008 7968 2000 0010<\/strong><\/h3>\n","protected":false},"excerpt":{"rendered":"<p>Parafia Katolicka pw. NMP Matki Ko\u015bcio\u0142a ul. Ko\u015bcielna 2 07-100 Ruchna tel. 601 834 411 Kancelaria czynna poniedzia\u0142ek, \u015broda, pi\u0105tek od godz. 15.30 do 16.30 Po wcze\u015bniejszym um\u00f3wieniu &#8211; tak\u017ce w innym czasie. W sprawach sakramentu namaszczenia chorych czy pogrzebu o ka\u017cdej porze. W niedziele i \u015bwi\u0119ta nie za\u0142atwiamy spraw kancelaryjnych (poza w\/w wyj\u0105tkami). NIE [&hellip;]<\/p>\n","protected":false},"author":1,"featured_media":0,"parent":0,"menu_order":0,"comment_status":"closed","ping_status":"closed","template":"","meta":{"footnotes":""},"class_list":["post-60","page","type-page","status-publish","hentry"],"_links":{"self":[{"href":"https:\/\/www.ruchnaparafia.pl\/index.php?rest_route=\/wp\/v2\/pages\/60","targetHints":{"allow":["GET"]}}],"collection":[{"href":"https:\/\/www.ruchnaparafia.pl\/index.php?rest_route=\/wp\/v2\/pages"}],"about":[{"href":"https:\/\/www.ruchnaparafia.pl\/index.php?rest_route=\/wp\/v2\/types\/page"}],"author":[{"embeddable":true,"href":"https:\/\/www.ruchnaparafia.pl\/index.php?rest_route=\/wp\/v2\/users\/1"}],"replies":[{"embeddable":true,"href":"https:\/\/www.ruchnaparafia.pl\/index.php?rest_route=%2Fwp%2Fv2%2Fcomments&post=60"}],"version-history":[{"count":10,"href":"https:\/\/www.ruchnaparafia.pl\/index.php?rest_route=\/wp\/v2\/pages\/60\/revisions"}],"predecessor-version":[{"id":1008,"href":"https:\/\/www.ruchnaparafia.pl\/index.php?rest_route=\/wp\/v2\/pages\/60\/revisions\/1008"}],"wp:attachment":[{"href":"https:\/\/www.ruchnaparafia.pl\/index.php?rest_route=%2Fwp%2Fv2%2Fmedia&parent=60"}],"curies":[{"name":"wp","href":"https:\/\/api.w.org\/{rel}","templated":true}]}}