{"id":882,"date":"2025-02-20T12:42:04","date_gmt":"2025-02-20T12:42:04","guid":{"rendered":"http:\/\/www.ruchnaparafia.pl\/?page_id=882"},"modified":"2025-02-20T12:42:04","modified_gmt":"2025-02-20T12:42:04","slug":"polityka-prywatnosci","status":"publish","type":"page","link":"https:\/\/www.ruchnaparafia.pl\/?page_id=882","title":{"rendered":"Polityka prywatno\u015bci"},"content":{"rendered":"\n<h1 class=\"wp-block-heading\">Polityka prywatno\u015bci \u2013 klauzula informacyjna RODO<\/h1>\n\n\n\n<p>Zgodnie z Og\u00f3lnym Rozporz\u0105dzeniem o Ochronie Danych (<em>RODO<\/em>) oraz <a href=\"https:\/\/episkopat.pl\/wp-content\/uploads\/2018\/04\/13.3.2018.PL_.Dekret-ogolny-o-ochronie-danych-osobowych.pdf\">Dekretem Konferencji Episkopatu Polski <\/a>(<em>Dekret og\u00f3lny w sprawie ochrony os\u00f3b fizycznych w zwi\u0105zku z przetwarzaniem danych osobowych w Ko\u015bciele katolickim<\/em>&nbsp;z 13 marca 2018 roku ):<\/p>\n\n\n\n<p>1. Administratorem danych osobowych jest Parafia Katolicka NMP Matki Ko\u015bcio\u0142a w Ruchnie, ul. Ko\u015bcielna 2, 07-100 Ruchna, reprezentowana przez ks. proboszcza.<\/p>\n\n\n\n<p>2. Dane gromadzone s\u0105 wy\u0142\u0105cznie w celu realizacji dzia\u0142a\u0144 statutowych Ko\u015bcio\u0142a katolickiego.<\/p>\n\n\n\n<p>3. Udost\u0119pnianie danych wizerunkowych os\u00f3b zwi\u0105zane jest z relacjonowaniem wydarze\u0144<br>w Parafii NMP Matki Ko\u015bcio\u0142a w Ruchnie.<\/p>\n\n\n\n<p>4. Parafia stosuje organizacyjne i techniczne \u015brodki bezpiecze\u0144stwa, aby chroni\u0107 dane przed nieuprawnionym dost\u0119pem.<\/p>\n\n\n\n<p>5. Kontaktuj\u0105c si\u0119 z Parafi\u0105 (administratorem strony www) u\u017cytkownik internetowy zgadza si\u0119 na przetwarzanie danych\u00a0(imi\u0119, nazwisko, adres poczty elektronicznej,\u00a0adres pocztowy, numer telefonu lub innych dobrowolnie podanych danych) w celu\u00a0przekazania odpowiedzi. Podanie danych osobowych jest dobrowolne, ale warunkuje mo\u017cliwo\u015b\u0107 podj\u0119cia dzia\u0142a\u0144 przez Administratora danych osobowych.<\/p>\n\n\n\n<p>6. Serwis nie zbiera w spos\u00f3b automatyczny \u017cadnych informacji.<\/p>\n\n\n\n<p>7. Przys\u0142uguje Pani\/Panu:<\/p>\n\n\n\n<ul class=\"wp-block-list\">\n<li>prawo dost\u0119pu do tre\u015bci swoich danych osobowych na zasadach okre\u015blonych przepisami o ochronie danych osobowych,<\/li>\n\n\n\n<li>prawo do sprostowania danych,<\/li>\n\n\n\n<li>prawo do usuni\u0119cia danych (z ograniczeniem w zakresie danych dotycz\u0105cych udzielonych sakrament\u00f3w b\u0105d\u017a w inny spos\u00f3b odnosz\u0105cych si\u0119 do kanonicznego statusu osoby),<\/li>\n\n\n\n<li>prawo do wniesienia skargi do organ\u00f3w w\u0142a\u015bciwych ze wzgl\u0119du na ochron\u0119 danych osobowych,<\/li>\n\n\n\n<li>prawo do ograniczenia przetwarzania swoich danych osobowych,<\/li>\n\n\n\n<li>prawo do bycia zapomnianym na zasadach okre\u015blonych stosownymi przepisami o ochronie danych osobowych.<\/li>\n<\/ul>\n\n\n\n<p>8. Wszelkie zg\u0142oszenia i informacje zwi\u0105zane z ochron\u0105 danych osobowych mo\u017cna kierowa\u0107 do Inspektora Ochrony Danych ks. Marcina Go\u0142\u0119biewskiego e-mail inspektorodo@drohiczynska.pl<\/p>\n\n\n\n<p>9.&nbsp;Przys\u0142uguje Pani\/Panu prawo wniesienia sprzeciwu wobec przetwarzania&nbsp;danych oraz prawo wniesienia skargi do organu nadzorczego zajmuj\u0105cego si\u0119 ochron\u0105 danych&nbsp;osobowych \u2013 <a href=\"https:\/\/uodo.gov.pl\/pl\/p\/o-nas\">Prezesa Urz\u0119du Ochrony Danych Osobowych<\/a> (w sprawach regulowanych prawem \u015bwieckim) lub <a href=\"https:\/\/kiod.episkopat.pl\/kiod\/kontakt_129\">Ko\u015bcielnego Inspektora Ochrony Danych<\/a> (w zakresie obj\u0119tym prawem kanonicznym).<\/p>\n","protected":false},"excerpt":{"rendered":"<p>Polityka prywatno\u015bci \u2013 klauzula informacyjna RODO Zgodnie z Og\u00f3lnym Rozporz\u0105dzeniem o Ochronie Danych (RODO) oraz Dekretem Konferencji Episkopatu Polski (Dekret og\u00f3lny w sprawie ochrony os\u00f3b fizycznych w zwi\u0105zku z przetwarzaniem danych osobowych w Ko\u015bciele katolickim&nbsp;z 13 marca 2018 roku ): 1. Administratorem danych osobowych jest Parafia Katolicka NMP Matki Ko\u015bcio\u0142a w Ruchnie, ul. Ko\u015bcielna 2, [&hellip;]<\/p>\n","protected":false},"author":1,"featured_media":0,"parent":0,"menu_order":0,"comment_status":"closed","ping_status":"closed","template":"","meta":{"footnotes":""},"class_list":["post-882","page","type-page","status-publish","hentry"],"_links":{"self":[{"href":"https:\/\/www.ruchnaparafia.pl\/index.php?rest_route=\/wp\/v2\/pages\/882","targetHints":{"allow":["GET"]}}],"collection":[{"href":"https:\/\/www.ruchnaparafia.pl\/index.php?rest_route=\/wp\/v2\/pages"}],"about":[{"href":"https:\/\/www.ruchnaparafia.pl\/index.php?rest_route=\/wp\/v2\/types\/page"}],"author":[{"embeddable":true,"href":"https:\/\/www.ruchnaparafia.pl\/index.php?rest_route=\/wp\/v2\/users\/1"}],"replies":[{"embeddable":true,"href":"https:\/\/www.ruchnaparafia.pl\/index.php?rest_route=%2Fwp%2Fv2%2Fcomments&post=882"}],"version-history":[{"count":1,"href":"https:\/\/www.ruchnaparafia.pl\/index.php?rest_route=\/wp\/v2\/pages\/882\/revisions"}],"predecessor-version":[{"id":883,"href":"https:\/\/www.ruchnaparafia.pl\/index.php?rest_route=\/wp\/v2\/pages\/882\/revisions\/883"}],"wp:attachment":[{"href":"https:\/\/www.ruchnaparafia.pl\/index.php?rest_route=%2Fwp%2Fv2%2Fmedia&parent=882"}],"curies":[{"name":"wp","href":"https:\/\/api.w.org\/{rel}","templated":true}]}}