{"id":890,"date":"2025-02-23T19:19:48","date_gmt":"2025-02-23T19:19:48","guid":{"rendered":"http:\/\/www.ruchnaparafia.pl\/?page_id=890"},"modified":"2025-03-08T09:44:24","modified_gmt":"2025-03-08T09:44:24","slug":"wesprzyj-nas","status":"publish","type":"page","link":"https:\/\/www.ruchnaparafia.pl\/?page_id=890","title":{"rendered":"Wesprzyj nas"},"content":{"rendered":"\n<h3 class=\"wp-block-heading\">Darowizna na cele parafii<\/h3>\n\n\n\n<h3 class=\"wp-block-heading\">Ofiary na potrzeby naszego Ko\u015bcio\u0142a mo\u017cemy wp\u0142aca\u0107 na konto: <\/h3>\n\n\n\n<h3 class=\"wp-block-heading has-text-align-center\">Bank Sp\u00f3\u0142dzielczy w W\u0119growie <\/h3>\n\n\n\n<h3 class=\"wp-block-heading has-text-align-center\"><strong>18 9236 0008 0008 7968 2000 0010<\/strong><\/h3>\n\n\n\n<h3 class=\"wp-block-heading has-text-align-center\">tytulem: Darowizna na cele kultu religijnego<\/h3>\n\n\n\n<p><br><em>Mo\u017cliwe jest odliczenie kwoty przekazanej tytu\u0142em darowizny, lecz nie wi\u0119cej ni\u017c 6% dochodu<\/em>. <em>Skorzystanie z ulgi mo\u017cliwe jest dla podatnik\u00f3w dokonuj\u0105cych przeznaczenia \u015brodk\u00f3w pieni\u0119\u017cnych na cele kultu religijnego zatrudnionych na umow\u0119 o prac\u0119 czy umow\u0119 cywilnoprawn\u0105, jak r\u00f3wnie\u017c tych prowadz\u0105cych dzia\u0142alno\u015b\u0107 gospodarcz\u0105 na zasadach og\u00f3lnych<\/em>. <em>Dowody wp\u0142aty (potwierdzenie przelewu) nale\u017cy przechowywa\u0107 przez okres 5 lat od ko\u0144ca roku, w kt\u00f3rym z\u0142o\u017cono zeznanie.<\/em><\/p>\n\n\n\n<p>Gotowy do druku formularz wp\u0142aty lub przelewu na konto parafii w <a href=\"https:\/\/www.ruchnaparafia.pl\/wp-content\/uploads\/2025\/02\/druk-przelewu-wplaty-2.pdf\" target=\"_blank\" rel=\"noreferrer noopener\">formacie PDF<\/a><\/p>\n\n\n\n<p><\/p>\n\n\n\n<hr class=\"wp-block-separator has-alpha-channel-opacity\"\/>\n\n\n\n<h4 class=\"wp-block-heading\"><strong>Mo\u017cna skorzysta\u0107 r\u00f3wnie\u017c z elektronicznych form p\u0142atno\u015bci za po\u015brednictwem operatora <\/strong><\/h4>\n\n\n\n<h4 class=\"wp-block-heading\"><strong>Przelewy24<\/strong><\/h4>\n\n\n\n<figure class=\"wp-block-image size-full\"><img loading=\"lazy\" decoding=\"async\" width=\"300\" height=\"101\" src=\"https:\/\/www.ruchnaparafia.pl\/wp-content\/uploads\/2025\/03\/przelewy24_logo_2022-300x101-1.jpg\" alt=\"\" class=\"wp-image-973\"\/><\/figure>\n\n\n\n<div class=\"wp-block-buttons is-layout-flex wp-block-buttons-is-layout-flex\">\n<div class=\"wp-block-button\"><a class=\"wp-block-button__link wp-element-button\" href=\"https:\/\/s.przelewy24.pl\/38QpzXDL93b4\">5 z\u0142<\/a><\/div>\n\n\n\n<div class=\"wp-block-button\"><a class=\"wp-block-button__link wp-element-button\" href=\"https:\/\/s.przelewy24.pl\/mDYA5zGSDbV8\">10 z\u0142<\/a><\/div>\n\n\n\n<div class=\"wp-block-button\"><a class=\"wp-block-button__link wp-element-button\" href=\"https:\/\/s.przelewy24.pl\/3wBCsmKSQakf\">20 z\u0142<\/a><\/div>\n\n\n\n<div class=\"wp-block-button\"><a class=\"wp-block-button__link wp-element-button\" href=\"https:\/\/s.przelewy24.pl\/K83jB3nacfBc\">50 z\u0142<\/a><\/div>\n\n\n\n<div class=\"wp-block-button\"><a class=\"wp-block-button__link wp-element-button\" href=\"https:\/\/s.przelewy24.pl\/Ng2YgD7kVzY1\">100 z\u0142<\/a><\/div>\n\n\n\n<div class=\"wp-block-button\"><a class=\"wp-block-button__link wp-element-button\" href=\"https:\/\/s.przelewy24.pl\/vCr5XqbSSrZ6\">200 z\u0142<\/a><\/div>\n\n\n\n<div class=\"wp-block-button\"><a class=\"wp-block-button__link wp-element-button\" href=\"https:\/\/s.przelewy24.pl\/ZVqQgmXF4cdT\">500 z\u0142<\/a><\/div>\n<\/div>\n\n\n\n<p><br>P\u0142atno\u015bci s\u0105 realizowane przez Przelewy24 \u2013 PayPro S.A. <strong>Realizuj\u0105c wp\u0142at\u0119 akceptujesz regulamin, kt\u00f3ry jest <a href=\"https:\/\/www.ruchnaparafia.pl\/wp-content\/uploads\/2025\/02\/Zasady-przekazywania-darowizn.pdf\">tutaj<\/a>.<\/strong><\/p>\n\n\n\n<p><\/p>\n","protected":false},"excerpt":{"rendered":"<p>Darowizna na cele parafii Ofiary na potrzeby naszego Ko\u015bcio\u0142a mo\u017cemy wp\u0142aca\u0107 na konto: Bank Sp\u00f3\u0142dzielczy w W\u0119growie 18 9236 0008 0008 7968 2000 0010 tytulem: Darowizna na cele kultu religijnego Mo\u017cliwe jest odliczenie kwoty przekazanej tytu\u0142em darowizny, lecz nie wi\u0119cej ni\u017c 6% dochodu. Skorzystanie z ulgi mo\u017cliwe jest dla podatnik\u00f3w dokonuj\u0105cych przeznaczenia \u015brodk\u00f3w pieni\u0119\u017cnych na [&hellip;]<\/p>\n","protected":false},"author":1,"featured_media":0,"parent":0,"menu_order":0,"comment_status":"closed","ping_status":"closed","template":"","meta":{"footnotes":""},"class_list":["post-890","page","type-page","status-publish","hentry"],"_links":{"self":[{"href":"https:\/\/www.ruchnaparafia.pl\/index.php?rest_route=\/wp\/v2\/pages\/890","targetHints":{"allow":["GET"]}}],"collection":[{"href":"https:\/\/www.ruchnaparafia.pl\/index.php?rest_route=\/wp\/v2\/pages"}],"about":[{"href":"https:\/\/www.ruchnaparafia.pl\/index.php?rest_route=\/wp\/v2\/types\/page"}],"author":[{"embeddable":true,"href":"https:\/\/www.ruchnaparafia.pl\/index.php?rest_route=\/wp\/v2\/users\/1"}],"replies":[{"embeddable":true,"href":"https:\/\/www.ruchnaparafia.pl\/index.php?rest_route=%2Fwp%2Fv2%2Fcomments&post=890"}],"version-history":[{"count":23,"href":"https:\/\/www.ruchnaparafia.pl\/index.php?rest_route=\/wp\/v2\/pages\/890\/revisions"}],"predecessor-version":[{"id":999,"href":"https:\/\/www.ruchnaparafia.pl\/index.php?rest_route=\/wp\/v2\/pages\/890\/revisions\/999"}],"wp:attachment":[{"href":"https:\/\/www.ruchnaparafia.pl\/index.php?rest_route=%2Fwp%2Fv2%2Fmedia&parent=890"}],"curies":[{"name":"wp","href":"https:\/\/api.w.org\/{rel}","templated":true}]}}